{"id":656,"date":"2023-06-09T23:13:29","date_gmt":"2023-06-09T23:13:29","guid":{"rendered":"https:\/\/santafemusichall.com.mx\/music\/?page_id=656"},"modified":"2023-06-09T23:19:37","modified_gmt":"2023-06-09T23:19:37","slug":"politica-cookies","status":"publish","type":"page","link":"https:\/\/santafemusichall.com.mx\/music\/politica-cookies\/","title":{"rendered":"Politica Cookies"},"content":{"rendered":"\t\t<div data-elementor-type=\"wp-page\" data-elementor-id=\"656\" class=\"elementor elementor-656\">\n\t\t\t\t\t\t\t\t\t<section class=\"elementor-section elementor-top-section elementor-element elementor-element-5e3f4c1 elementor-section-boxed elementor-section-height-default elementor-section-height-default\" data-id=\"5e3f4c1\" data-element_type=\"section\">\n\t\t\t\t\t\t<div class=\"elementor-container elementor-column-gap-default\">\n\t\t\t\t\t<div class=\"elementor-column elementor-col-100 elementor-top-column elementor-element elementor-element-adc7ce5\" data-id=\"adc7ce5\" data-element_type=\"column\">\n\t\t\t<div class=\"elementor-widget-wrap elementor-element-populated\">\n\t\t\t\t\t\t\t\t<div class=\"elementor-element elementor-element-66095fb elementor-widget elementor-widget-spacer\" data-id=\"66095fb\" data-element_type=\"widget\" data-widget_type=\"spacer.default\">\n\t\t\t\t<div class=\"elementor-widget-container\">\n\t\t\t<style>\/*! elementor - v3.16.0 - 20-09-2023 *\/\n.elementor-column .elementor-spacer-inner{height:var(--spacer-size)}.e-con{--container-widget-width:100%}.e-con-inner>.elementor-widget-spacer,.e-con>.elementor-widget-spacer{width:var(--container-widget-width,var(--spacer-size));--align-self:var(--container-widget-align-self,initial);--flex-shrink:0}.e-con-inner>.elementor-widget-spacer>.elementor-widget-container,.e-con>.elementor-widget-spacer>.elementor-widget-container{height:100%;width:100%}.e-con-inner>.elementor-widget-spacer>.elementor-widget-container>.elementor-spacer,.e-con>.elementor-widget-spacer>.elementor-widget-container>.elementor-spacer{height:100%}.e-con-inner>.elementor-widget-spacer>.elementor-widget-container>.elementor-spacer>.elementor-spacer-inner,.e-con>.elementor-widget-spacer>.elementor-widget-container>.elementor-spacer>.elementor-spacer-inner{height:var(--container-widget-height,var(--spacer-size))}.e-con-inner>.elementor-widget-spacer.elementor-widget-empty,.e-con>.elementor-widget-spacer.elementor-widget-empty{position:relative;min-height:22px;min-width:22px}.e-con-inner>.elementor-widget-spacer.elementor-widget-empty .elementor-widget-empty-icon,.e-con>.elementor-widget-spacer.elementor-widget-empty .elementor-widget-empty-icon{position:absolute;top:0;bottom:0;left:0;right:0;margin:auto;padding:0;width:22px;height:22px}<\/style>\t\t<div class=\"elementor-spacer\">\n\t\t\t<div class=\"elementor-spacer-inner\"><\/div>\n\t\t<\/div>\n\t\t\t\t<\/div>\n\t\t\t\t<\/div>\n\t\t\t\t<div class=\"elementor-element elementor-element-c9ef018 elementor-widget elementor-widget-text-editor\" data-id=\"c9ef018\" data-element_type=\"widget\" data-widget_type=\"text-editor.default\">\n\t\t\t\t<div class=\"elementor-widget-container\">\n\t\t\t<style>\/*! elementor - v3.16.0 - 20-09-2023 *\/\n.elementor-widget-text-editor.elementor-drop-cap-view-stacked .elementor-drop-cap{background-color:#69727d;color:#fff}.elementor-widget-text-editor.elementor-drop-cap-view-framed .elementor-drop-cap{color:#69727d;border:3px solid;background-color:transparent}.elementor-widget-text-editor:not(.elementor-drop-cap-view-default) .elementor-drop-cap{margin-top:8px}.elementor-widget-text-editor:not(.elementor-drop-cap-view-default) .elementor-drop-cap-letter{width:1em;height:1em}.elementor-widget-text-editor .elementor-drop-cap{float:left;text-align:center;line-height:1;font-size:50px}.elementor-widget-text-editor .elementor-drop-cap-letter{display:inline-block}<\/style>\t\t\t\t<p style=\"text-align: center;\"><strong><em>POL\u00cdTICAS DE COOKIES<\/em><\/strong><\/p>\n<p style=\"text-align: justify;\">Bienvenido al sitio de internet <a href=\"http:\/\/www.santafemusichall.com.mx\">www.santafemusichall.com.mx<\/a>, (en lo sucesivo el Sitio)\u00a0administrado por Expo M\u00e9xico, S.A. de C.V. (en lo sucesivo Expo M\u00e9xico).<\/p>\n<p style=\"text-align: justify;\"><strong><em>POL\u00cdTICA DE COOKIES<\/em><\/strong><\/p>\n<p style=\"text-align: justify;\">Esta p\u00e1gina te informa sobre el uso de Cookies y tecnolog\u00edas similares por parte del Sitio. Cualquier duda o comentario nos puedes contactar a trav\u00e9s del correo electr\u00f3nico <a href=\"mailto:info@santafemusichall.com.mx\">info@santafemusichall.com.mx<\/a>.<\/p>\n<p style=\"text-align: justify;\">El Sitio utiliza estas tecnolog\u00edas para administrar, analizar tendencias, mejorar la experiencia de los usuarios, ofrecer servicios relacionados con los mismos y publicar anuncios dirigidos, lo que te permitir\u00e1 navegar entre p\u00e1ginas de forma m\u00e1s eficiente, guardando tus preferencias, la presente Pol\u00edtica explica cu\u00e1les son estas tecnolog\u00edas, as\u00ed como establecer tus derechos para controlar el uso de ellas.<\/p>\n<p style=\"text-align: left;\"><strong><em>\u00bfQU\u00c9 SON LAS COOKIES?<\/em><\/strong><\/p>\n<p style=\"text-align: justify;\">Las cookies son archivos que contienen peque\u00f1as cantidades de informaci\u00f3n y que se descargan en tu computadora o dispositivo m\u00f3vil cuando visitas el Sitio. Las cookies pueden almacenar tus preferencias y otra informaci\u00f3n, facilitando la navegaci\u00f3n, pero no pueden leer datos de su disco duro o leer archivos de cookies creados por otros sitios.<\/p>\n<p style=\"text-align: left;\"><strong><em>LAS COOKIES QUE UTILIZAMOS<\/em><\/strong><\/p>\n<p style=\"text-align: justify;\">Las cookies facilitan el inicio de sesi\u00f3n y el uso del Sitio durante las visitas. La informaci\u00f3n recopilada nos permite analizar los intereses de nuestros usuarios. Esto nos ayuda a brindarle una mejor experiencia, mejorar el contenido y hacer que nuestro Sitio sea m\u00e1s f\u00e1cil de usar.<\/p>\n<p style=\"text-align: left;\">BIMX utiliza las siguientes categor\u00edas de cookies:<\/p>\n<p style=\"text-align: justify;\">&#8211; <strong>Cookies estrictamente necesarias. <\/strong>\u00a0Estas cookies son necesarias para el funcionamiento del Sitio. Incluyen, por ejemplo, cookies que te permitan iniciar sesi\u00f3n en \u00e1reas seguras de nuestro sitio web.<\/p>\n<p style=\"text-align: justify;\">&#8211; <strong>Cookies de Preferencias<\/strong>. Estas cookies se utilizan para reconocerte cuando regreses al Sitio. Nos permite personalizar nuestro contenido y recordar tus preferencias, pero no son necesarias para el rendimiento del Sitio.<\/p>\n<p style=\"text-align: justify;\">&#8211;\u00a0 <strong>Cookies de estad\u00edstica. <\/strong>\u00a0Estas cookies recopilan informaci\u00f3n sobre c\u00f3mo los usuarios acceden y se mueven a trav\u00e9s del Sitio, reuniendo y proporcionado informaci\u00f3n de forma an\u00f3nima. Usamos esta informaci\u00f3n para ayudarnos a mejorar la forma en que funciona el Sitio o para personalizar el Sitio seg\u00fan tus intereses.<\/p>\n<p style=\"text-align: justify;\">&#8211; <strong>Cookies de marketing. <\/strong>\u00a0Estas cookies se utilizan para hacer que la publicidad que se muestra en el Sitio sea m\u00e1s relevante para ti. Estas cookies evitan la reaparici\u00f3n de anuncios y aseguran que los anuncios se muestren correctamente. Ciertas cookies de terceros pueden rastrear a los usuarios en diferentes sitios web y proporcionar anuncios relevantes para tu inter\u00e9s.<\/p>\n<p style=\"text-align: justify;\"><strong><em>\u00bfC\u00d3MO CONTROLAR LAS COOKIES?<\/em><\/strong><\/p>\n<p style=\"text-align: justify;\">Cuando accedas por primera vez al Sitio, puedes recibir un mensaje que te informa que se est\u00e1n utilizando cookies y tecnolog\u00edas similares. Al hacer clic en &#8220;aceptar&#8221;, cerrar el mensaje o continuar navegando por el Sitio, significa que comprendes y aceptas el uso de estas tecnolog\u00edas, tal como se describe en esta Pol\u00edtica de cookies.<\/p>\n<p style=\"text-align: justify;\">No tienes que aceptar las cookies y el consentimiento se puede retirar en cualquier momento. Puedes cambiar la configuraci\u00f3n de tu navegador para rechazar o restringir las cookies, y eliminarlas en cualquier momento. En caso de que no aceptes o elimines las cookies, algunas \u00e1reas de nuestro Sitio a los que accedas pueden tardar m\u00e1s tiempo en funcionar o pueden no funcionar correctamente.<\/p>\n<p style=\"text-align: left;\"><strong><em>PUBLICIDAD DIRIGIDA<\/em><\/strong><\/p>\n<p style=\"text-align: justify;\">Ten en cuenta que terceros (incluidos por ejemplo, redes de publicidad y proveedores de servicios externos) utilizan cookies, sobre las cuales no tenemos control. Es probable que estas cookies sean cookies de an\u00e1lisis, de rendimiento o cookies de orientaci\u00f3n. Estas empresas pueden usar informaci\u00f3n sobre tus visitas al Sitio y otros sitios web para proporcionar anuncios relevantes sobre productos y servicios que te puedan interesar. Tambi\u00e9n pueden emplear tecnolog\u00eda que se utiliza para medir la efectividad de los anuncios.<\/p>\n<p style=\"text-align: left;\"><strong><em>MODIFICACIONES A LAS POL\u00ccTICAS DE COOKIES<\/em><\/strong><\/p>\n<p style=\"text-align: justify;\"><em>\u00a0<\/em>Expo M\u00e9xico se reserva el derecho de modificar las presentes Pol\u00edticas de cookies en cualquier momento. El uso del Sitio indica su consentimiento a la Pol\u00edticas de Cookies publicadas. Revisa estas pol\u00edticas regularmente por cualquier cambio.<\/p>\t\t\t\t\t\t<\/div>\n\t\t\t\t<\/div>\n\t\t\t\t\t<\/div>\n\t\t<\/div>\n\t\t\t\t\t\t\t<\/div>\n\t\t<\/section>\n\t\t\t\t\t\t\t<\/div>\n\t\t","protected":false},"excerpt":{"rendered":"<p>POL\u00cdTICAS DE COOKIES Bienvenido al sitio de internet www.santafemusichall.com.mx, (en lo sucesivo el Sitio)\u00a0administrado por Expo M\u00e9xico, S.A. de C.V. (en lo sucesivo Expo M\u00e9xico). POL\u00cdTICA DE COOKIES Esta p\u00e1gina te informa sobre el uso de Cookies y tecnolog\u00edas similares por parte del Sitio. Cualquier duda o comentario nos puedes contactar a trav\u00e9s del correo [&hellip;]<\/p>\n","protected":false},"author":1,"featured_media":0,"parent":0,"menu_order":0,"comment_status":"closed","ping_status":"closed","template":"","meta":{"footnotes":""},"class_list":["post-656","page","type-page","status-publish","hentry","entry"],"_links":{"self":[{"href":"https:\/\/santafemusichall.com.mx\/music\/wp-json\/wp\/v2\/pages\/656","targetHints":{"allow":["GET"]}}],"collection":[{"href":"https:\/\/santafemusichall.com.mx\/music\/wp-json\/wp\/v2\/pages"}],"about":[{"href":"https:\/\/santafemusichall.com.mx\/music\/wp-json\/wp\/v2\/types\/page"}],"author":[{"embeddable":true,"href":"https:\/\/santafemusichall.com.mx\/music\/wp-json\/wp\/v2\/users\/1"}],"replies":[{"embeddable":true,"href":"https:\/\/santafemusichall.com.mx\/music\/wp-json\/wp\/v2\/comments?post=656"}],"version-history":[{"count":7,"href":"https:\/\/santafemusichall.com.mx\/music\/wp-json\/wp\/v2\/pages\/656\/revisions"}],"predecessor-version":[{"id":663,"href":"https:\/\/santafemusichall.com.mx\/music\/wp-json\/wp\/v2\/pages\/656\/revisions\/663"}],"wp:attachment":[{"href":"https:\/\/santafemusichall.com.mx\/music\/wp-json\/wp\/v2\/media?parent=656"}],"curies":[{"name":"wp","href":"https:\/\/api.w.org\/{rel}","templated":true}]}}